{"id":1059,"date":"2022-03-05T02:16:38","date_gmt":"2022-03-05T02:16:38","guid":{"rendered":"https:\/\/www.mioficinaincometax.la\/contact\/"},"modified":"2024-02-16T13:12:54","modified_gmt":"2024-02-16T13:12:54","slug":"contactenos","status":"publish","type":"page","link":"https:\/\/www.mioficinaincometax.la\/en\/contactenos\/","title":{"rendered":"Cont\u00e1ctenos"},"content":{"rendered":"<div data-elementor-type=\"wp-page\" data-elementor-id=\"1059\" class=\"elementor elementor-1059\">\n\t\t\t\t<div class=\"elementor-element elementor-element-c6c17a7 e-flex e-con-boxed e-con e-parent\" data-id=\"c6c17a7\" data-element_type=\"container\" data-settings=\"{&quot;background_background&quot;:&quot;classic&quot;}\">\n\t\t\t\t\t<div class=\"e-con-inner\">\n\t\t<div class=\"elementor-element elementor-element-fb1d57f e-con-full e-flex e-con e-child\" data-id=\"fb1d57f\" data-element_type=\"container\">\n\t\t<div class=\"elementor-element elementor-element-f15dc91 e-flex e-con-boxed e-con e-child\" data-id=\"f15dc91\" data-element_type=\"container\">\n\t\t\t\t\t<div class=\"e-con-inner\">\n\t\t\t\t<div class=\"elementor-element elementor-element-9da6bb1 elementor-widget elementor-widget-heading\" data-id=\"9da6bb1\" data-element_type=\"widget\" data-widget_type=\"heading.default\">\n\t\t\t\t<div class=\"elementor-widget-container\">\n\t\t\t\t\t<h6 class=\"elementor-heading-title elementor-size-default\">Cont\u00e1ctenos<\/h6>\t\t\t\t<\/div>\n\t\t\t\t<\/div>\n\t\t\t\t<div class=\"elementor-element elementor-element-6a23cbe elementor-widget elementor-widget-heading\" data-id=\"6a23cbe\" data-element_type=\"widget\" data-widget_type=\"heading.default\">\n\t\t\t\t<div class=\"elementor-widget-container\">\n\t\t\t\t\t<h1 class=\"elementor-heading-title elementor-size-default\">\u00bfTiene preguntas sobre nuestros servicios?<\/h1>\t\t\t\t<\/div>\n\t\t\t\t<\/div>\n\t\t\t\t<div class=\"elementor-element elementor-element-f6112e0 elementor-widget elementor-widget-text-editor\" data-id=\"f6112e0\" data-element_type=\"widget\" data-widget_type=\"text-editor.default\">\n\t\t\t\t<div class=\"elementor-widget-container\">\n\t\t\t\t\t\t\t\t\t<p>Si tiene alguna pregunta, inquietud o simplemente desea obtener m\u00e1s informaci\u00f3n sobre nuestros servicios, no dude en ponerse en contacto con nosotros.<\/p>\t\t\t\t\t\t\t\t<\/div>\n\t\t\t\t<\/div>\n\t\t\t\t\t<\/div>\n\t\t\t\t<\/div>\n\t\t<div class=\"elementor-element elementor-element-fe751ac e-flex e-con-boxed e-con e-child\" data-id=\"fe751ac\" data-element_type=\"container\">\n\t\t\t\t\t<div class=\"e-con-inner\">\n\t\t<div class=\"elementor-element elementor-element-9056753 e-con-full e-flex e-con e-child\" data-id=\"9056753\" data-element_type=\"container\">\n\t\t\t\t<div class=\"elementor-element elementor-element-1489af2 e-grid-align-left elementor-shape-rounded elementor-grid-0 elementor-widget elementor-widget-social-icons\" data-id=\"1489af2\" data-element_type=\"widget\" data-widget_type=\"social-icons.default\">\n\t\t\t\t<div class=\"elementor-widget-container\">\n\t\t\t\t\t\t\t<div class=\"elementor-social-icons-wrapper elementor-grid\" role=\"list\">\n\t\t\t\t\t\t\t<span class=\"elementor-grid-item\" role=\"listitem\">\n\t\t\t\t\t<a class=\"elementor-icon elementor-social-icon elementor-social-icon-facebook elementor-repeater-item-c5fa792\" href=\"https:\/\/www.facebook.com\/mioficinaincometaxla?mibextid=ZbWKwL\" target=\"_blank\">\n\t\t\t\t\t\t<span class=\"elementor-screen-only\">Facebook<\/span>\n\t\t\t\t\t\t<svg class=\"e-font-icon-svg e-fab-facebook\" viewbox=\"0 0 512 512\" xmlns=\"http:\/\/www.w3.org\/2000\/svg\"><path d=\"M504 256C504 119 393 8 256 8S8 119 8 256c0 123.78 90.69 226.38 209.25 245V327.69h-63V256h63v-54.64c0-62.15 37-96.48 93.67-96.48 27.14 0 55.52 4.84 55.52 4.84v61h-31.28c-30.8 0-40.41 19.12-40.41 38.73V256h68.78l-11 71.69h-57.78V501C413.31 482.38 504 379.78 504 256z\"><\/path><\/svg>\t\t\t\t\t<\/a>\n\t\t\t\t<\/span>\n\t\t\t\t\t\t\t<span class=\"elementor-grid-item\" role=\"listitem\">\n\t\t\t\t\t<a class=\"elementor-icon elementor-social-icon elementor-social-icon-instagram elementor-repeater-item-824e65a\" href=\"https:\/\/www.instagram.com\/mioficinaincometaxla\/\" target=\"_blank\">\n\t\t\t\t\t\t<span class=\"elementor-screen-only\">Instagram<\/span>\n\t\t\t\t\t\t<svg class=\"e-font-icon-svg e-fab-instagram\" viewbox=\"0 0 448 512\" xmlns=\"http:\/\/www.w3.org\/2000\/svg\"><path d=\"M224.1 141c-63.6 0-114.9 51.3-114.9 114.9s51.3 114.9 114.9 114.9S339 319.5 339 255.9 287.7 141 224.1 141zm0 189.6c-41.1 0-74.7-33.5-74.7-74.7s33.5-74.7 74.7-74.7 74.7 33.5 74.7 74.7-33.6 74.7-74.7 74.7zm146.4-194.3c0 14.9-12 26.8-26.8 26.8-14.9 0-26.8-12-26.8-26.8s12-26.8 26.8-26.8 26.8 12 26.8 26.8zm76.1 27.2c-1.7-35.9-9.9-67.7-36.2-93.9-26.2-26.2-58-34.4-93.9-36.2-37-2.1-147.9-2.1-184.9 0-35.8 1.7-67.6 9.9-93.9 36.1s-34.4 58-36.2 93.9c-2.1 37-2.1 147.9 0 184.9 1.7 35.9 9.9 67.7 36.2 93.9s58 34.4 93.9 36.2c37 2.1 147.9 2.1 184.9 0 35.9-1.7 67.7-9.9 93.9-36.2 26.2-26.2 34.4-58 36.2-93.9 2.1-37 2.1-147.8 0-184.8zM398.8 388c-7.8 19.6-22.9 34.7-42.6 42.6-29.5 11.7-99.5 9-132.1 9s-102.7 2.6-132.1-9c-19.6-7.8-34.7-22.9-42.6-42.6-11.7-29.5-9-99.5-9-132.1s-2.6-102.7 9-132.1c7.8-19.6 22.9-34.7 42.6-42.6 29.5-11.7 99.5-9 132.1-9s102.7-2.6 132.1 9c19.6 7.8 34.7 22.9 42.6 42.6 11.7 29.5 9 99.5 9 132.1s2.7 102.7-9 132.1z\"><\/path><\/svg>\t\t\t\t\t<\/a>\n\t\t\t\t<\/span>\n\t\t\t\t\t\t\t<span class=\"elementor-grid-item\" role=\"listitem\">\n\t\t\t\t\t<a class=\"elementor-icon elementor-social-icon elementor-social-icon-yelp elementor-repeater-item-6a4f6c5\" href=\"https:\/\/www.yelp.com\/biz\/mi-oficina-income-tax-los-angeles-2\" target=\"_blank\">\n\t\t\t\t\t\t<span class=\"elementor-screen-only\">Yelp<\/span>\n\t\t\t\t\t\t<svg class=\"e-font-icon-svg e-fab-yelp\" viewbox=\"0 0 384 512\" xmlns=\"http:\/\/www.w3.org\/2000\/svg\"><path d=\"M42.9 240.32l99.62 48.61c19.2 9.4 16.2 37.51-4.5 42.71L30.5 358.45a22.79 22.79 0 0 1-28.21-19.6 197.16 197.16 0 0 1 9-85.32 22.8 22.8 0 0 1 31.61-13.21zm44 239.25a199.45 199.45 0 0 0 79.42 32.11A22.78 22.78 0 0 0 192.94 490l3.9-110.82c.7-21.3-25.5-31.91-39.81-16.1l-74.21 82.4a22.82 22.82 0 0 0 4.09 34.09zm145.34-109.92l58.81 94a22.93 22.93 0 0 0 34 5.5 198.36 198.36 0 0 0 52.71-67.61A23 23 0 0 0 364.17 370l-105.42-34.26c-20.31-6.5-37.81 15.8-26.51 33.91zm148.33-132.23a197.44 197.44 0 0 0-50.41-69.31 22.85 22.85 0 0 0-34 4.4l-62 91.92c-11.9 17.7 4.7 40.61 25.2 34.71L366 268.63a23 23 0 0 0 14.61-31.21zM62.11 30.18a22.86 22.86 0 0 0-9.9 32l104.12 180.44c11.7 20.2 42.61 11.9 42.61-11.4V22.88a22.67 22.67 0 0 0-24.5-22.8 320.37 320.37 0 0 0-112.33 30.1z\"><\/path><\/svg>\t\t\t\t\t<\/a>\n\t\t\t\t<\/span>\n\t\t\t\t\t<\/div>\n\t\t\t\t\t\t<\/div>\n\t\t\t\t<\/div>\n\t\t\t\t<div class=\"elementor-element elementor-element-c7b3422 elementor-widget-divider--view-line elementor-widget elementor-widget-divider\" data-id=\"c7b3422\" data-element_type=\"widget\" data-widget_type=\"divider.default\">\n\t\t\t\t<div class=\"elementor-widget-container\">\n\t\t\t\t\t\t\t<div class=\"elementor-divider\">\n\t\t\t<span class=\"elementor-divider-separator\">\n\t\t\t\t\t\t<\/span>\n\t\t<\/div>\n\t\t\t\t\t\t<\/div>\n\t\t\t\t<\/div>\n\t\t\t\t<\/div>\n\t\t<div class=\"elementor-element elementor-element-cbb5c4a e-con-full e-flex e-con e-child\" data-id=\"cbb5c4a\" data-element_type=\"container\">\n\t\t\t\t<div class=\"elementor-element elementor-element-e86a3e0 elementor-widget elementor-widget-shortcode\" data-id=\"e86a3e0\" data-element_type=\"widget\" data-widget_type=\"shortcode.default\">\n\t\t\t\t<div class=\"elementor-widget-container\">\n\t\t\t\t\t\t\t<div class=\"elementor-shortcode\">\n<div class=\"wpcf7 no-js\" id=\"wpcf7-f5-o1\" lang=\"es-ES\" dir=\"ltr\" data-wpcf7-id=\"5\">\n<div class=\"screen-reader-response\"><p role=\"status\" aria-live=\"polite\" aria-atomic=\"true\"><\/p> <ul><\/ul><\/div>\n<form action=\"\/en\/wp-json\/wp\/v2\/pages\/1059#wpcf7-f5-o1\" method=\"post\" class=\"wpcf7-form init\" aria-label=\"Formulario de contacto\" novalidate=\"novalidate\" data-status=\"init\" data-trp-original-action=\"\/en\/wp-json\/wp\/v2\/pages\/1059#wpcf7-f5-o1\">\n<fieldset class=\"hidden-fields-container\"><input type=\"hidden\" name=\"_wpcf7\" value=\"5\" \/><input type=\"hidden\" name=\"_wpcf7_version\" value=\"6.1.5\" \/><input type=\"hidden\" name=\"_wpcf7_locale\" value=\"es_ES\" \/><input type=\"hidden\" name=\"_wpcf7_unit_tag\" value=\"wpcf7-f5-o1\" \/><input type=\"hidden\" name=\"_wpcf7_container_post\" value=\"0\" \/><input type=\"hidden\" name=\"_wpcf7_posted_data_hash\" value=\"\" \/>\n<\/fieldset>\n<p><label> Tu nombre completo<br \/>\n<span class=\"wpcf7-form-control-wrap\" data-name=\"your-name\"><input size=\"40\" maxlength=\"400\" class=\"wpcf7-form-control wpcf7-text wpcf7-validates-as-required\" aria-required=\"true\" aria-invalid=\"false\" value=\"\" type=\"text\" name=\"your-name\" \/><\/span> <\/label>\n<\/p>\n<p><label> E-mail<br \/>\n<span class=\"wpcf7-form-control-wrap\" data-name=\"your-email\"><input size=\"40\" maxlength=\"400\" class=\"wpcf7-form-control wpcf7-email wpcf7-validates-as-required wpcf7-text wpcf7-validates-as-email\" aria-required=\"true\" aria-invalid=\"false\" value=\"\" type=\"email\" name=\"your-email\" \/><\/span> <\/label>\n<\/p>\n<p><label> What procedure do you need to carry out? (optional)<br \/>\n<span class=\"wpcf7-form-control-wrap\" data-name=\"your-message\"><textarea cols=\"40\" rows=\"10\" maxlength=\"2000\" class=\"wpcf7-form-control wpcf7-textarea\" aria-invalid=\"false\" name=\"your-message\"><\/textarea><\/span> <\/label>\n<\/p>\n<p><input class=\"wpcf7-form-control wpcf7-submit has-spinner\" type=\"submit\" value=\"Send\" \/>\n<\/p><div class=\"wpcf7-response-output\" aria-hidden=\"true\"><\/div>\n<input type=\"hidden\" name=\"trp-form-language\" value=\"en\"\/><\/form>\n<\/div>\n<\/div>\n\t\t\t\t\t\t<\/div>\n\t\t\t\t<\/div>\n\t\t\t\t<\/div>\n\t\t\t\t\t<\/div>\n\t\t\t\t<\/div>\n\t\t\t\t<\/div>\n\t\t\t\t\t<\/div>\n\t\t\t\t<\/div>\n\t\t<div class=\"elementor-element elementor-element-a4e72b1 e-flex e-con-boxed e-con e-parent\" data-id=\"a4e72b1\" data-element_type=\"container\" data-settings=\"{&quot;background_background&quot;:&quot;classic&quot;}\">\n\t\t\t\t\t<div class=\"e-con-inner\">\n\t\t<div class=\"elementor-element elementor-element-f7d9e35 e-con-full e-flex e-con e-child\" data-id=\"f7d9e35\" data-element_type=\"container\">\n\t\t<div class=\"elementor-element elementor-element-bf607bd e-con-full e-flex e-con e-child\" data-id=\"bf607bd\" data-element_type=\"container\">\n\t\t<div class=\"elementor-element elementor-element-f277877 e-con-full e-flex e-con e-child\" data-id=\"f277877\" data-element_type=\"container\">\n\t\t\t\t<div class=\"elementor-element elementor-element-a40c0dd elementor-vertical-align-top elementor-widget elementor-widget-image-box\" data-id=\"a40c0dd\" data-element_type=\"widget\" data-widget_type=\"image-box.default\">\n\t\t\t\t<div class=\"elementor-widget-container\">\n\t\t\t\t\t<div class=\"elementor-image-box-wrapper\"><div class=\"elementor-image-box-content\"><h6 class=\"elementor-image-box-title\">Ubicaci\u00f3n<\/h6><p class=\"elementor-image-box-description\">5544 York Blvd. Los Angeles, CA 90042, United States<\/p><\/div><\/div>\t\t\t\t<\/div>\n\t\t\t\t<\/div>\n\t\t\t\t<div class=\"elementor-element elementor-element-df8b3a8 elementor-align-center elementor-widget elementor-widget-button\" data-id=\"df8b3a8\" data-element_type=\"widget\" data-widget_type=\"button.default\">\n\t\t\t\t<div class=\"elementor-widget-container\">\n\t\t\t\t\t\t\t\t\t<div class=\"elementor-button-wrapper\">\n\t\t\t\t\t<a class=\"elementor-button elementor-button-link elementor-size-sm\" href=\"mailto:info@mioficinaincometax.la\" target=\"_blank\">\n\t\t\t\t\t\t<span class=\"elementor-button-content-wrapper\">\n\t\t\t\t\t\t<span class=\"elementor-button-icon\">\n\t\t\t\t<svg aria-hidden=\"true\" class=\"e-font-icon-svg e-fas-envelope\" viewbox=\"0 0 512 512\" xmlns=\"http:\/\/www.w3.org\/2000\/svg\"><path d=\"M502.3 190.8c3.9-3.1 9.7-.2 9.7 4.7V400c0 26.5-21.5 48-48 48H48c-26.5 0-48-21.5-48-48V195.6c0-5 5.7-7.8 9.7-4.7 22.4 17.4 52.1 39.5 154.1 113.6 21.1 15.4 56.7 47.8 92.2 47.6 35.7.3 72-32.8 92.3-47.6 102-74.1 131.6-96.3 154-113.7zM256 320c23.2.4 56.6-29.2 73.4-41.4 132.7-96.3 142.8-104.7 173.4-128.7 5.8-4.5 9.2-11.5 9.2-18.9v-19c0-26.5-21.5-48-48-48H48C21.5 64 0 85.5 0 112v19c0 7.4 3.4 14.3 9.2 18.9 30.6 23.9 40.7 32.4 173.4 128.7 16.8 12.2 50.2 41.8 73.4 41.4z\"><\/path><\/svg>\t\t\t<\/span>\n\t\t\t\t\t\t\t\t\t<span class=\"elementor-button-text\">info@mioficinaincometax.la<\/span>\n\t\t\t\t\t<\/span>\n\t\t\t\t\t<\/a>\n\t\t\t\t<\/div>\n\t\t\t\t\t\t\t\t<\/div>\n\t\t\t\t<\/div>\n\t\t\t\t<\/div>\n\t\t<div class=\"elementor-element elementor-element-c4ef046 e-con-full e-flex e-con e-child\" data-id=\"c4ef046\" data-element_type=\"container\">\n\t\t\t\t<div class=\"elementor-element elementor-element-f6d98db elementor-vertical-align-top elementor-widget elementor-widget-image-box\" data-id=\"f6d98db\" data-element_type=\"widget\" data-widget_type=\"image-box.default\">\n\t\t\t\t<div class=\"elementor-widget-container\">\n\t\t\t\t\t<div class=\"elementor-image-box-wrapper\"><div class=\"elementor-image-box-content\"><h6 class=\"elementor-image-box-title\">Horarios <\/h6><p class=\"elementor-image-box-description\">Lunes-Jueves: 9:00-4:00<br>\nViernes-S\u00e1bado: 9:00-3:00<br>\nDomingo: Cerrado<\/p><\/div><\/div>\t\t\t\t<\/div>\n\t\t\t\t<\/div>\n\t\t\t\t<\/div>\n\t\t<div class=\"elementor-element elementor-element-55789cc e-con-full e-flex e-con e-child\" data-id=\"55789cc\" data-element_type=\"container\">\n\t\t\t\t<div class=\"elementor-element elementor-element-5004dde elementor-vertical-align-top elementor-widget elementor-widget-image-box\" data-id=\"5004dde\" data-element_type=\"widget\" data-widget_type=\"image-box.default\">\n\t\t\t\t<div class=\"elementor-widget-container\">\n\t\t\t\t\t<div class=\"elementor-image-box-wrapper\"><div class=\"elementor-image-box-content\"><h6 class=\"elementor-image-box-title\">Tel\u00e9fonos<\/h6><p class=\"elementor-image-box-description\">1800-632-6402<br>+1 (323) 257-1397<br>+1 (424) 285-9685<\/p><\/div><\/div>\t\t\t\t<\/div>\n\t\t\t\t<\/div>\n\t\t\t\t<\/div>\n\t\t\t\t<\/div>\n\t\t\t\t<\/div>\n\t\t\t\t\t<\/div>\n\t\t\t\t<\/div>\n\t\t<div class=\"elementor-element elementor-element-1908db6 e-con-full e-flex e-con e-parent\" data-id=\"1908db6\" data-element_type=\"container\">\n\t\t<div class=\"elementor-element elementor-element-9d51908 e-con-full e-flex e-con e-child\" data-id=\"9d51908\" data-element_type=\"container\">\n\t\t\t\t<div class=\"elementor-element elementor-element-188b5b3 elementor-widget elementor-widget-google_maps\" data-id=\"188b5b3\" data-element_type=\"widget\" data-widget_type=\"google_maps.default\">\n\t\t\t\t<div class=\"elementor-widget-container\">\n\t\t\t\t\t\t\t<div class=\"elementor-custom-embed\">\n\t\t\t<iframe loading=\"lazy\"\n\t\t\t\t\tsrc=\"https:\/\/maps.google.com\/maps?q=york%20Blvd&#038;t=m&#038;z=14&#038;output=embed&#038;iwloc=near\"\n\t\t\t\t\ttitle=\"york Blvd\"\n\t\t\t\t\taria-label=\"york Blvd\"\n\t\t\t><\/iframe>\n\t\t<\/div>\n\t\t\t\t\t\t<\/div>\n\t\t\t\t<\/div>\n\t\t\t\t<\/div>\n\t\t\t\t<\/div>\n\t\t\t\t<\/div>","protected":false},"excerpt":{"rendered":"<p>Cont\u00e1ctenos \u00bfTiene preguntas sobre nuestros servicios? Si tiene alguna pregunta, inquietud o simplemente desea obtener m\u00e1s informaci\u00f3n sobre nuestros servicios, no dude en ponerse en contacto con nosotros. Facebook Instagram Yelp Ubicaci\u00f3n 5544 York Blvd. Los Angeles, CA 90042, United States info@mioficinaincometax.la Horarios Lunes-Jueves: 9:00-4:00 Viernes-S\u00e1bado: 9:00-3:00 Domingo: Cerrado Tel\u00e9fonos 1800-632-6402+1 (323) 257-1397+1 (424) 285-9685<\/p>","protected":false},"author":1,"featured_media":0,"parent":0,"menu_order":0,"comment_status":"closed","ping_status":"closed","template":"","meta":{"site-sidebar-layout":"no-sidebar","site-content-layout":"page-builder","ast-site-content-layout":"","site-content-style":"default","site-sidebar-style":"default","ast-global-header-display":"","ast-banner-title-visibility":"","ast-main-header-display":"","ast-hfb-above-header-display":"","ast-hfb-below-header-display":"","ast-hfb-mobile-header-display":"","site-post-title":"disabled","ast-breadcrumbs-content":"","ast-featured-img":"disabled","footer-sml-layout":"","theme-transparent-header-meta":"enabled","adv-header-id-meta":"","stick-header-meta":"","header-above-stick-meta":"","header-main-stick-meta":"","header-below-stick-meta":"","astra-migrate-meta-layouts":"default","ast-page-background-enabled":"default","ast-page-background-meta":{"desktop":{"background-color":"var(--ast-global-color-4)","background-image":"","background-repeat":"repeat","background-position":"center center","background-size":"auto","background-attachment":"scroll","background-type":"","background-media":"","overlay-type":"","overlay-color":"","overlay-opacity":"","overlay-gradient":""},"tablet":{"background-color":"","background-image":"","background-repeat":"repeat","background-position":"center center","background-size":"auto","background-attachment":"scroll","background-type":"","background-media":"","overlay-type":"","overlay-color":"","overlay-opacity":"","overlay-gradient":""},"mobile":{"background-color":"","background-image":"","background-repeat":"repeat","background-position":"center center","background-size":"auto","background-attachment":"scroll","background-type":"","background-media":"","overlay-type":"","overlay-color":"","overlay-opacity":"","overlay-gradient":""}},"ast-content-background-meta":{"desktop":{"background-color":"var(--ast-global-color-5)","background-image":"","background-repeat":"repeat","background-position":"center center","background-size":"auto","background-attachment":"scroll","background-type":"","background-media":"","overlay-type":"","overlay-color":"","overlay-opacity":"","overlay-gradient":""},"tablet":{"background-color":"var(--ast-global-color-5)","background-image":"","background-repeat":"repeat","background-position":"center center","background-size":"auto","background-attachment":"scroll","background-type":"","background-media":"","overlay-type":"","overlay-color":"","overlay-opacity":"","overlay-gradient":""},"mobile":{"background-color":"var(--ast-global-color-5)","background-image":"","background-repeat":"repeat","background-position":"center center","background-size":"auto","background-attachment":"scroll","background-type":"","background-media":"","overlay-type":"","overlay-color":"","overlay-opacity":"","overlay-gradient":""}},"footnotes":""},"class_list":["post-1059","page","type-page","status-publish","hentry"],"yoast_head":"<!-- This site is optimized with the Yoast SEO plugin v27.4 - https:\/\/yoast.com\/product\/yoast-seo-wordpress\/ -->\n<title>Cont\u00e1ctenos - Mi Oficina Income Tax &amp; Insurance<\/title>\n<meta name=\"robots\" content=\"index, follow, max-snippet:-1, max-image-preview:large, max-video-preview:-1\" \/>\n<link rel=\"canonical\" href=\"https:\/\/www.mioficinaincometax.la\/en\/contactenos\/\" \/>\n<meta property=\"og:locale\" content=\"en_US\" \/>\n<meta property=\"og:type\" content=\"article\" \/>\n<meta property=\"og:title\" content=\"Cont\u00e1ctenos - Mi Oficina Income Tax &amp; Insurance\" \/>\n<meta property=\"og:description\" content=\"Cont\u00e1ctenos \u00bfTiene preguntas sobre nuestros servicios? Si tiene alguna pregunta, inquietud o simplemente desea obtener m\u00e1s informaci\u00f3n sobre nuestros servicios, no dude en ponerse en contacto con nosotros. Facebook Instagram Yelp Ubicaci\u00f3n 5544 York Blvd. Los Angeles, CA 90042, United States info@mioficinaincometax.la Horarios Lunes-Jueves: 9:00-4:00 Viernes-S\u00e1bado: 9:00-3:00 Domingo: Cerrado Tel\u00e9fonos 1800-632-6402+1 (323) 257-1397+1 (424) 285-9685\" \/>\n<meta property=\"og:url\" content=\"https:\/\/www.mioficinaincometax.la\/en\/contactenos\/\" \/>\n<meta property=\"og:site_name\" content=\"Mi Oficina Income Tax &amp; Insurance\" \/>\n<meta property=\"article:modified_time\" content=\"2024-02-16T13:12:54+00:00\" \/>\n<meta name=\"twitter:card\" content=\"summary_large_image\" \/>\n<meta name=\"twitter:label1\" content=\"Est. reading time\" \/>\n\t<meta name=\"twitter:data1\" content=\"1 minute\" \/>\n<script type=\"application\/ld+json\" class=\"yoast-schema-graph\">{\"@context\":\"https:\\\/\\\/schema.org\",\"@graph\":[{\"@type\":\"WebPage\",\"@id\":\"https:\\\/\\\/www.mioficinaincometax.la\\\/contactenos\\\/\",\"url\":\"https:\\\/\\\/www.mioficinaincometax.la\\\/contactenos\\\/\",\"name\":\"Cont\u00e1ctenos - Mi Oficina Income Tax &amp; Insurance\",\"isPartOf\":{\"@id\":\"https:\\\/\\\/www.mioficinaincometax.la\\\/#website\"},\"datePublished\":\"2022-03-05T02:16:38+00:00\",\"dateModified\":\"2024-02-16T13:12:54+00:00\",\"breadcrumb\":{\"@id\":\"https:\\\/\\\/www.mioficinaincometax.la\\\/contactenos\\\/#breadcrumb\"},\"inLanguage\":\"en-US\",\"potentialAction\":[{\"@type\":\"ReadAction\",\"target\":[\"https:\\\/\\\/www.mioficinaincometax.la\\\/contactenos\\\/\"]}]},{\"@type\":\"BreadcrumbList\",\"@id\":\"https:\\\/\\\/www.mioficinaincometax.la\\\/contactenos\\\/#breadcrumb\",\"itemListElement\":[{\"@type\":\"ListItem\",\"position\":1,\"name\":\"Portada\",\"item\":\"https:\\\/\\\/www.mioficinaincometax.la\\\/\"},{\"@type\":\"ListItem\",\"position\":2,\"name\":\"Cont\u00e1ctenos\"}]},{\"@type\":\"WebSite\",\"@id\":\"https:\\\/\\\/www.mioficinaincometax.la\\\/#website\",\"url\":\"https:\\\/\\\/www.mioficinaincometax.la\\\/\",\"name\":\"Mi Oficina Income Tax & Insurance\",\"description\":\"Tenemos una amplia gama de servicios fiscales y de seguros en California\",\"publisher\":{\"@id\":\"https:\\\/\\\/www.mioficinaincometax.la\\\/#organization\"},\"potentialAction\":[{\"@type\":\"SearchAction\",\"target\":{\"@type\":\"EntryPoint\",\"urlTemplate\":\"https:\\\/\\\/www.mioficinaincometax.la\\\/?s={search_term_string}\"},\"query-input\":{\"@type\":\"PropertyValueSpecification\",\"valueRequired\":true,\"valueName\":\"search_term_string\"}}],\"inLanguage\":\"en-US\"},{\"@type\":\"Organization\",\"@id\":\"https:\\\/\\\/www.mioficinaincometax.la\\\/#organization\",\"name\":\"Mi Oficina Income Tax & Insurance\",\"url\":\"https:\\\/\\\/www.mioficinaincometax.la\\\/\",\"logo\":{\"@type\":\"ImageObject\",\"inLanguage\":\"en-US\",\"@id\":\"https:\\\/\\\/www.mioficinaincometax.la\\\/#\\\/schema\\\/logo\\\/image\\\/\",\"url\":\"https:\\\/\\\/www.mioficinaincometax.la\\\/wp-content\\\/uploads\\\/2022\\\/01\\\/mi-oficina-income-tax-logo-2.png\",\"contentUrl\":\"https:\\\/\\\/www.mioficinaincometax.la\\\/wp-content\\\/uploads\\\/2022\\\/01\\\/mi-oficina-income-tax-logo-2.png\",\"width\":463,\"height\":129,\"caption\":\"Mi Oficina Income Tax & Insurance\"},\"image\":{\"@id\":\"https:\\\/\\\/www.mioficinaincometax.la\\\/#\\\/schema\\\/logo\\\/image\\\/\"},\"sameAs\":[\"https:\\\/\\\/www.instagram.com\\\/mioficinaincometaxla\\\/\"]}]}<\/script>\n<!-- \/ Yoast SEO plugin. -->","yoast_head_json":{"title":"Cont\u00e1ctenos - Mi Oficina Income Tax &amp; Insurance","robots":{"index":"index","follow":"follow","max-snippet":"max-snippet:-1","max-image-preview":"max-image-preview:large","max-video-preview":"max-video-preview:-1"},"canonical":"https:\/\/www.mioficinaincometax.la\/en\/contactenos\/","og_locale":"en_US","og_type":"article","og_title":"Cont\u00e1ctenos - Mi Oficina Income Tax &amp; Insurance","og_description":"Cont\u00e1ctenos \u00bfTiene preguntas sobre nuestros servicios? Si tiene alguna pregunta, inquietud o simplemente desea obtener m\u00e1s informaci\u00f3n sobre nuestros servicios, no dude en ponerse en contacto con nosotros. Facebook Instagram Yelp Ubicaci\u00f3n 5544 York Blvd. Los Angeles, CA 90042, United States info@mioficinaincometax.la Horarios Lunes-Jueves: 9:00-4:00 Viernes-S\u00e1bado: 9:00-3:00 Domingo: Cerrado Tel\u00e9fonos 1800-632-6402+1 (323) 257-1397+1 (424) 285-9685","og_url":"https:\/\/www.mioficinaincometax.la\/en\/contactenos\/","og_site_name":"Mi Oficina Income Tax &amp; Insurance","article_modified_time":"2024-02-16T13:12:54+00:00","twitter_card":"summary_large_image","twitter_misc":{"Est. reading time":"1 minute"},"schema":{"@context":"https:\/\/schema.org","@graph":[{"@type":"WebPage","@id":"https:\/\/www.mioficinaincometax.la\/contactenos\/","url":"https:\/\/www.mioficinaincometax.la\/contactenos\/","name":"Cont\u00e1ctenos - Mi Oficina Income Tax &amp; Insurance","isPartOf":{"@id":"https:\/\/www.mioficinaincometax.la\/#website"},"datePublished":"2022-03-05T02:16:38+00:00","dateModified":"2024-02-16T13:12:54+00:00","breadcrumb":{"@id":"https:\/\/www.mioficinaincometax.la\/contactenos\/#breadcrumb"},"inLanguage":"en-US","potentialAction":[{"@type":"ReadAction","target":["https:\/\/www.mioficinaincometax.la\/contactenos\/"]}]},{"@type":"BreadcrumbList","@id":"https:\/\/www.mioficinaincometax.la\/contactenos\/#breadcrumb","itemListElement":[{"@type":"ListItem","position":1,"name":"Portada","item":"https:\/\/www.mioficinaincometax.la\/"},{"@type":"ListItem","position":2,"name":"Cont\u00e1ctenos"}]},{"@type":"WebSite","@id":"https:\/\/www.mioficinaincometax.la\/#website","url":"https:\/\/www.mioficinaincometax.la\/","name":"Mi Oficina Income Tax & Insurance","description":"Tenemos una amplia gama de servicios fiscales y de seguros en California","publisher":{"@id":"https:\/\/www.mioficinaincometax.la\/#organization"},"potentialAction":[{"@type":"SearchAction","target":{"@type":"EntryPoint","urlTemplate":"https:\/\/www.mioficinaincometax.la\/?s={search_term_string}"},"query-input":{"@type":"PropertyValueSpecification","valueRequired":true,"valueName":"search_term_string"}}],"inLanguage":"en-US"},{"@type":"Organization","@id":"https:\/\/www.mioficinaincometax.la\/#organization","name":"Mi Oficina Income Tax & Insurance","url":"https:\/\/www.mioficinaincometax.la\/","logo":{"@type":"ImageObject","inLanguage":"en-US","@id":"https:\/\/www.mioficinaincometax.la\/#\/schema\/logo\/image\/","url":"https:\/\/www.mioficinaincometax.la\/wp-content\/uploads\/2022\/01\/mi-oficina-income-tax-logo-2.png","contentUrl":"https:\/\/www.mioficinaincometax.la\/wp-content\/uploads\/2022\/01\/mi-oficina-income-tax-logo-2.png","width":463,"height":129,"caption":"Mi Oficina Income Tax & Insurance"},"image":{"@id":"https:\/\/www.mioficinaincometax.la\/#\/schema\/logo\/image\/"},"sameAs":["https:\/\/www.instagram.com\/mioficinaincometaxla\/"]}]}},"_links":{"self":[{"href":"https:\/\/www.mioficinaincometax.la\/en\/wp-json\/wp\/v2\/pages\/1059","targetHints":{"allow":["GET"]}}],"collection":[{"href":"https:\/\/www.mioficinaincometax.la\/en\/wp-json\/wp\/v2\/pages"}],"about":[{"href":"https:\/\/www.mioficinaincometax.la\/en\/wp-json\/wp\/v2\/types\/page"}],"author":[{"embeddable":true,"href":"https:\/\/www.mioficinaincometax.la\/en\/wp-json\/wp\/v2\/users\/1"}],"replies":[{"embeddable":true,"href":"https:\/\/www.mioficinaincometax.la\/en\/wp-json\/wp\/v2\/comments?post=1059"}],"version-history":[{"count":5,"href":"https:\/\/www.mioficinaincometax.la\/en\/wp-json\/wp\/v2\/pages\/1059\/revisions"}],"predecessor-version":[{"id":15422,"href":"https:\/\/www.mioficinaincometax.la\/en\/wp-json\/wp\/v2\/pages\/1059\/revisions\/15422"}],"wp:attachment":[{"href":"https:\/\/www.mioficinaincometax.la\/en\/wp-json\/wp\/v2\/media?parent=1059"}],"curies":[{"name":"wp","href":"https:\/\/api.w.org\/{rel}","templated":true}]}}